{"id":8422,"date":"2022-11-11T12:41:51","date_gmt":"2022-11-11T10:41:51","guid":{"rendered":"https:\/\/roclite.lv\/?page_id=8422"},"modified":"2026-04-01T16:38:02","modified_gmt":"2026-04-01T13:38:02","slug":"%d1%86%d0%b5%d0%bd%d1%8b","status":"publish","type":"page","link":"https:\/\/roclite.lv\/ru\/%d1%86%d0%b5%d0%bd%d1%8b\/","title":{"rendered":"\u0426\u0415\u041d\u042b"},"content":{"rendered":"\n<h3 class=\"wp-block-heading\"><strong>\u0420\u041e\u0417\u041d\u0418\u0427\u041d\u042b\u0415 \u0426\u0415\u041d\u042b \u041d\u0410 \u041f\u0420\u041e\u0414\u0423\u041a\u0426\u0418\u042e <\/strong>ROCLITE<\/h3>\n\n\n\n<p>\u0426\u0435\u043d\u044b \u0443\u043a\u0430\u0437\u0430\u043d\u044b \u0441 \u0443\u0447\u0435\u0442\u043e\u043c \u041d\u0414\u0421.<\/p>\n\n\n\n<h3 class=\"wp-block-heading\">\u0411\u043b\u043e\u043a\u0438 ROCLITE<\/h3>\n\n\n\n<figure class=\"wp-block-table\"><table><thead><tr><td rowspan=\"2\"><b>&nbsp;<\/b><\/td><td colspan=\"2\"><strong>\u0426\u0435\u043d\u0430 &#8212; \u043f\u043e\u043b\u043d\u044b\u0439 \u0433\u0440\u0443\u0437 \u0438 \u0431\u043e\u043b\u044c\u0448\u0435 <\/strong><\/td><td colspan=\"2\"><b><strong><strong>\u0426\u0435\u043d\u0430<\/strong> &#8212; \u043f\u0440\u0438 \u043f\u043e\u043a\u0443\u043f\u043a\u0435 \u043f\u043e\u0434\u043e\u043d\u0430\u043c\u0438<\/strong><\/b><\/td><td colspan=\"5\"><strong>\u0422\u0440\u0430\u043d\u0441\u043f\u043e\u0440\u0442\u043d\u044b\u0435 \u0445\u0430\u0440\u0430\u043a\u0442\u0435\u0440\u0438\u0441\u0442\u0438\u043a\u0438<\/strong><\/td><\/tr><tr><td><b>EUR\/\u043c<sup>3<\/sup><\/b><\/td><td><b>EUR\/\u043c<sup>2<\/sup><\/b><\/td><td><b>EUR\/\u043c<sup>3<\/sup><\/b><\/td><td><b>EUR\/\u043c<sup>2<\/sup><\/b><\/td><td><strong>\u0412\u0435\u0441 \u043f\u043e\u0434\u0434\u043e\u043d\u0430<\/strong><b><strong>\/\u043a\u0433.<\/strong><\/b><\/td><td><strong>\u041f\u043e\u0434\u0434\u043e\u043d\u044b \u0432 \u0430\u0432\u0442\u043e-<\/strong><br><strong>\u0433\u0440\u0443\u0437\u0435<\/strong><b><strong>\/\u0448\u0442.<\/strong><\/b><\/td><td><b> <strong>\u0448\u0442.\/\u043d\u0430 \u043f\u043e\u0434<\/strong><\/b><strong>.<\/strong><\/td><td><b> <strong>\u043c<sup>3<\/sup>\/<b><strong>\u043d\u0430 \u043f\u043e\u0434.<\/strong><\/b><\/strong><\/b><\/td><td><b> <strong>\u043c<sup>3<\/sup>\/\u0432 \u0430\u0432\u0442\u043e-\u0433\u0440\u0443\u0437\u0435<\/strong><\/b><\/td><\/tr><\/thead><tbody><tr><td>ROCLITE 300\/200<\/td><td>119,43 <\/td><td>33,60<\/td><td>126,25<\/td><td>37,88<\/td><td>960<\/td><td>25<\/td><td>40<\/td><td>1,44<\/td><td>36<\/td><\/tr><tr><td>ROCLITE 250\/200<\/td><td>119,43<\/td><td>28,00<\/td><td>126,25<\/td><td>31,56<\/td><td>960<\/td><td>25<\/td><td>48<\/td><td>1,44<\/td><td>36<\/td><\/tr><tr><td>ROCLITE 100<\/td><td>124,51<\/td><td>12,45<\/td><td>131,62<\/td><td>13,16<\/td><td>960<\/td><td>25<\/td><td>120<\/td><td>1,44<\/td><td>36<\/td><\/tr><\/tbody><\/table><\/figure>\n\n\n\n<h3 class=\"wp-block-heading\">\u0422\u0435\u0445\u043d\u0438\u0447\u0435\u0441\u043a\u0438\u0435 \u0434\u0430\u043d\u043d\u044b\u0435<\/h3>\n\n\n\n<figure class=\"wp-block-table\"><table><thead><tr><td><strong>\u0418\u0437\u0434\u0435\u043b\u0438\u0435<\/strong><\/td><td><strong>\u0421\u0443\u0445\u0430\u044f \u043f\u043b\u043e\u0442\u043d\u043e\u0441\u0442\u044c<\/strong> <strong>k\u0433\/\u043c<sup>3<\/sup><\/strong><\/td><td><strong>\u041f\u0440\u043e\u0447\u043d\u043e\u0441\u0442\u044c \u043d\u0430 \u0441\u0436\u0430\u0442\u0438\u0435 MPa<\/strong><\/td><td colspan=\"2\"><strong>\u0448\u0438\u0440\u0438\u043d\u0430 \u043c\u043c<\/strong><\/td><td colspan=\"2\"><strong>\u0432\u044b\u0441\u043e\u0442\u0430 \u043c\u043c<\/strong><\/td><td><strong>\u0434\u043b\u0438\u043d\u0430 \u043c\u043c<\/strong><\/td><td><strong>\u043a\u043e\u043b\u0438\u0447\u0435\u0441\u0442\u0432\u043e \u043c<sup>3<\/sup>\/\u0448\u0442.<\/strong><\/td><td><strong>\u0448\u0442.\/\u043c<sup>3<\/sup><\/strong><\/td><td><strong>\u0448\u0442.\/\u043c<sup>2<\/sup><\/strong><\/td><\/tr><\/thead><tbody><tr><td>ROCLITE 300\/200<\/td><td>475<\/td><td>2,2<\/td><td colspan=\"2\">300<\/td><td colspan=\"2\">200<\/td><td>600<\/td><td>0,036<\/td><td>27,78<\/td><td>8,33<\/td><\/tr><tr><td>ROCLITE 250\/200<\/td><td>475<\/td><td>2,2<\/td><td colspan=\"2\">250<\/td><td colspan=\"2\">200<\/td><td>600<\/td><td>0,03<\/td><td>33,33<\/td><td>8,33<\/td><\/tr><tr><td>ROCLITE 100<\/td><td>475<\/td><td>2,2<\/td><td colspan=\"2\">100<\/td><td colspan=\"2\">200<\/td><td>600<\/td><td>0,012<\/td><td>83,33<\/td><td>8,33<\/td><\/tr><\/tbody><\/table><\/figure>\n\n\n\n<h3 class=\"wp-block-heading\">\u0410\u0440\u043c\u0430\u0442\u0443\u0440\u0430 MURFOR COMPACT A<\/h3>\n\n\n\n<figure class=\"wp-block-table\"><table><thead><tr><th><\/th><td><b>&nbsp;<\/b><\/td><td><strong>EUR\/\u0448\u0442. 30 <\/strong>\u043c<\/td><td><strong>\u0448\u0438\u0440\u0438\u043d\u0430 \u043c\u043c<\/strong><\/td><td colspan=\"2\"><strong>\u0434\u043b\u0438\u043d\u0430 \u043c\u043c<\/strong><\/td><td colspan=\"2\"><strong>\u0428\u0438\u0440\u0438\u043d\u0430 \u0441\u0442\u0435\u043d\u044b \u043c\u043c<\/strong><\/td><td colspan=\"2\"><strong>\u0420\u0430\u0441\u0445\u043e\u0434 \u043c\/\u043c\u00b2 \u0441\u0442\u0435\u043d\u044b<\/strong><\/td><\/tr><\/thead><tbody><tr><td><img decoding=\"async\" class=\"wp-image-8598\" style=\"width: 150px;\" src=\"https:\/\/roclite.lv\/w\/wp-content\/uploads\/2023\/07\/Murfor_Compact_A_ta_ta.jpg\" alt=\"\"><\/td><td>Compact A-40<\/td><td><strong>33,28<\/strong><\/td><td>40<\/td><td colspan=\"2\">30<\/td><td colspan=\"2\">100; 250; 300<\/td><td colspan=\"2\">2,8<\/td><\/tr><tr><td><img decoding=\"async\" class=\"wp-image-8598\" style=\"width: 150px;\" src=\"https:\/\/roclite.lv\/w\/wp-content\/uploads\/2023\/07\/Murfor_Compact_A_ta_ta.jpg\" alt=\"\"><\/td><td>Compact A-80<\/td><td><strong>58,99<\/strong><\/td><td>80<\/td><td colspan=\"2\">30<\/td><td colspan=\"2\">200<\/td><td colspan=\"2\">1,43<\/td><\/tr><\/tbody><\/table><\/figure>\n\n\n\n<h3 class=\"wp-block-heading\">\u041a\u043b\u0435\u0439 ROCLITE<\/h3>\n\n\n\n<figure class=\"wp-block-table\"><table><thead><tr><td><b>&nbsp;<\/b><\/td><td><strong>EUR\/\u0448\u0442.<\/strong><\/td><td><strong>\u0415\u0434\u0438\u043d\u0438\u0446\u0430 \u0438\u0437\u043c\u0435\u0440\u0435\u043d\u0438\u044f<\/strong><\/td><td colspan=\"2\"><strong>\u0428\u0442.\/\u0432 \u043f\u043e\u0434\u0434\u043e\u043d\u0435.&nbsp;<\/strong><\/td><\/tr><\/thead><tbody><tr><td>\u041a\u043b\u0435\u0439 \u0441\u0435\u0440\u044b\u0439 M10<\/td><td><strong>7,86<\/strong><\/td><td>25 k\u0433.<\/td><td colspan=\"2\">48<\/td><\/tr><tr><td>\u041a\u043b\u0435\u0439 \u0441\u0435\u0440\u044b\u0439 \u0437\u0438\u043c\u043d\u0438\u0439 <strong>-10*C<\/strong> M10<\/td><td><strong>8,62<\/strong><\/td><td>25 k\u0433.<\/td><td>48<\/td><\/tr><\/tbody><\/table><\/figure>\n\n\n\n<h3 class=\"wp-block-heading\">U-\u0431\u043b\u043e\u043a\u0438<\/h3>\n\n\n\n<figure class=\"wp-block-table\"><table><thead><tr><td><b>&nbsp;<\/b><\/td><td><strong>EUR\/\u0448\u0442.<\/strong><\/td><td><strong>\u0448\u0438\u0440\u0438\u043d\u0430 \u043c\u043c<\/strong><\/td><td colspan=\"2\"><strong>\u0432\u044b\u0441\u043e\u0442\u0430 \u043c\u043c<\/strong><\/td><td colspan=\"2\"><strong>\u0434\u043b\u0438\u043d\u0430 \u043c\u043c<\/strong><\/td><td colspan=\"2\"><strong>\u0428\u0442.\/\u0432 \u043f\u043e\u0434\u0434\u043e\u043d\u0435.&nbsp;<\/strong><\/td><\/tr><\/thead><tbody><tr><td>U-300<\/td><td><strong>13,92<\/strong><\/td><td>300<\/td><td colspan=\"2\">200<\/td><td colspan=\"2\">500<\/td><td colspan=\"2\">26<\/td><\/tr><tr><td>U-250<\/td><td><strong>11,83<\/strong><\/td><td>250<\/td><td colspan=\"2\">200<\/td><td colspan=\"2\">500<\/td><td colspan=\"2\">30<\/td><\/tr><tr><td>U-200<\/td><td><strong>10,43<\/strong><\/td><td>200<\/td><td colspan=\"2\">200<\/td><td colspan=\"2\">500<\/td><td colspan=\"2\">40<\/td><\/tr><\/tbody><\/table><\/figure>\n\n\n\n<h3 class=\"wp-block-heading\">\u0418\u043d\u0441\u0442\u0440\u0443\u043c\u0435\u043d\u0442\u044b<\/h3>\n\n\n\n<figure class=\"wp-block-table\"><table><thead><tr><td><\/td><td colspan=\"2\"><strong>\u0418\u0437\u0434\u0435\u043b\u0438\u0435<\/strong><\/td><td colspan=\"6\"><strong>\u0420\u0430\u0437\u043c\u0435\u0440 \u0438 \u0446\u0435\u043d\u0430<\/strong><\/td><\/tr><\/thead><tbody><tr><td rowspan=\"2\"><img loading=\"lazy\" decoding=\"async\" width=\"150\" height=\"100\" class=\"wp-image-8562\" style=\"width: 150px;\" src=\"https:\/\/roclite.lv\/w\/wp-content\/uploads\/2023\/07\/vadula_250.jpg\" alt=\"\" srcset=\"https:\/\/roclite.lv\/w\/wp-content\/uploads\/2023\/07\/vadula_250.jpg 1200w, https:\/\/roclite.lv\/w\/wp-content\/uploads\/2023\/07\/vadula_250-300x200.jpg 300w, https:\/\/roclite.lv\/w\/wp-content\/uploads\/2023\/07\/vadula_250-1024x683.jpg 1024w, https:\/\/roclite.lv\/w\/wp-content\/uploads\/2023\/07\/vadula_250-768x512.jpg 768w, https:\/\/roclite.lv\/w\/wp-content\/uploads\/2023\/07\/vadula_250-320x213.jpg 320w, https:\/\/roclite.lv\/w\/wp-content\/uploads\/2023\/07\/vadula_250-640x427.jpg 640w, https:\/\/roclite.lv\/w\/wp-content\/uploads\/2023\/07\/vadula_250-1000x667.jpg 1000w\" sizes=\"auto, (max-width: 150px) 100vw, 150px\" \/><\/td><td colspan=\"2\" rowspan=\"2\">\u041a\u0430\u0440\u0435\u0442\u043a\u0430 \u0434\u043b\u044f \u043a\u043b\u0435\u044f<\/td><td colspan=\"2\">300 \u043c\u043c<\/td><td colspan=\"2\">250 \u043c\u043c<\/td><td colspan=\"2\">200 \u043c\u043c<\/td><\/tr><tr><td colspan=\"2\"><strong>90,02 EUR<\/strong><\/td><td colspan=\"2\"><strong>85,55 EUR<\/strong><\/td><td colspan=\"2\"><strong>83,37 EUR<\/strong><\/td><\/tr><tr><td rowspan=\"2\"><img loading=\"lazy\" decoding=\"async\" width=\"150\" height=\"100\" class=\"wp-image-8568\" style=\"width: 150px;\" src=\"https:\/\/roclite.lv\/w\/wp-content\/uploads\/2023\/07\/kausins_150.jpg\" alt=\"\" srcset=\"https:\/\/roclite.lv\/w\/wp-content\/uploads\/2023\/07\/kausins_150.jpg 1200w, https:\/\/roclite.lv\/w\/wp-content\/uploads\/2023\/07\/kausins_150-300x200.jpg 300w, https:\/\/roclite.lv\/w\/wp-content\/uploads\/2023\/07\/kausins_150-1024x683.jpg 1024w, https:\/\/roclite.lv\/w\/wp-content\/uploads\/2023\/07\/kausins_150-768x512.jpg 768w, https:\/\/roclite.lv\/w\/wp-content\/uploads\/2023\/07\/kausins_150-320x213.jpg 320w, https:\/\/roclite.lv\/w\/wp-content\/uploads\/2023\/07\/kausins_150-640x427.jpg 640w, https:\/\/roclite.lv\/w\/wp-content\/uploads\/2023\/07\/kausins_150-1000x667.jpg 1000w\" sizes=\"auto, (max-width: 150px) 100vw, 150px\" \/><\/td><td colspan=\"2\" rowspan=\"2\">\u041a\u043e\u0432\u0448\u0438\u043a \u0434\u043b\u044f \u043a\u043b\u0435\u044f<\/td><td colspan=\"2\">200 \u043c\u043c<\/td><td colspan=\"2\">150 \u043c\u043c<\/td><td colspan=\"2\">100 \u043c\u043c<\/td><\/tr><tr><td colspan=\"2\"><strong>27,23 EUR<\/strong><\/td><td colspan=\"2\"><strong>25,41 EUR<\/strong><\/td><td colspan=\"2\"><strong>25,41 EUR<\/strong><\/td><\/tr><tr><td><img loading=\"lazy\" decoding=\"async\" width=\"150\" height=\"100\" class=\"wp-image-8574\" style=\"width: 150px;\" src=\"https:\/\/roclite.lv\/w\/wp-content\/uploads\/2023\/07\/freze.jpg\" alt=\"\" srcset=\"https:\/\/roclite.lv\/w\/wp-content\/uploads\/2023\/07\/freze.jpg 1200w, https:\/\/roclite.lv\/w\/wp-content\/uploads\/2023\/07\/freze-300x200.jpg 300w, https:\/\/roclite.lv\/w\/wp-content\/uploads\/2023\/07\/freze-1024x683.jpg 1024w, https:\/\/roclite.lv\/w\/wp-content\/uploads\/2023\/07\/freze-768x512.jpg 768w, https:\/\/roclite.lv\/w\/wp-content\/uploads\/2023\/07\/freze-320x213.jpg 320w, https:\/\/roclite.lv\/w\/wp-content\/uploads\/2023\/07\/freze-640x427.jpg 640w, https:\/\/roclite.lv\/w\/wp-content\/uploads\/2023\/07\/freze-1000x667.jpg 1000w\" sizes=\"auto, (max-width: 150px) 100vw, 150px\" \/><\/td><td colspan=\"2\">\u0420\u0443\u0447\u043d\u0430\u044f \u0444\u0440\u0435\u0437\u0430<\/td><td colspan=\"6\"><strong>23,72 EUR<\/strong><\/td><\/tr><tr><td><img loading=\"lazy\" decoding=\"async\" width=\"150\" height=\"113\" class=\"wp-image-8592\" style=\"width: 150px;\" src=\"https:\/\/roclite.lv\/w\/wp-content\/uploads\/2023\/07\/rivdelis.jpg\" alt=\"\" srcset=\"https:\/\/roclite.lv\/w\/wp-content\/uploads\/2023\/07\/rivdelis.jpg 800w, https:\/\/roclite.lv\/w\/wp-content\/uploads\/2023\/07\/rivdelis-300x225.jpg 300w, https:\/\/roclite.lv\/w\/wp-content\/uploads\/2023\/07\/rivdelis-768x576.jpg 768w, https:\/\/roclite.lv\/w\/wp-content\/uploads\/2023\/07\/rivdelis-320x240.jpg 320w, https:\/\/roclite.lv\/w\/wp-content\/uploads\/2023\/07\/rivdelis-640x480.jpg 640w\" sizes=\"auto, (max-width: 150px) 100vw, 150px\" \/><\/td><td colspan=\"2\">\u0422\u0451\u0440\u043a\u0430<\/td><td colspan=\"6\"><strong>13,92 EUR<\/strong><\/td><\/tr><tr><td><img loading=\"lazy\" decoding=\"async\" width=\"150\" height=\"100\" class=\"wp-image-8580\" style=\"width: 150px;\" src=\"https:\/\/roclite.lv\/w\/wp-content\/uploads\/2023\/07\/zagis.jpg\" alt=\"\" srcset=\"https:\/\/roclite.lv\/w\/wp-content\/uploads\/2023\/07\/zagis.jpg 1200w, https:\/\/roclite.lv\/w\/wp-content\/uploads\/2023\/07\/zagis-300x200.jpg 300w, https:\/\/roclite.lv\/w\/wp-content\/uploads\/2023\/07\/zagis-1024x683.jpg 1024w, https:\/\/roclite.lv\/w\/wp-content\/uploads\/2023\/07\/zagis-768x512.jpg 768w, https:\/\/roclite.lv\/w\/wp-content\/uploads\/2023\/07\/zagis-320x213.jpg 320w, https:\/\/roclite.lv\/w\/wp-content\/uploads\/2023\/07\/zagis-640x427.jpg 640w, https:\/\/roclite.lv\/w\/wp-content\/uploads\/2023\/07\/zagis-1000x667.jpg 1000w\" sizes=\"auto, (max-width: 150px) 100vw, 150px\" \/><\/td><td colspan=\"2\">\u0420\u0443\u0447\u043d\u0430\u044f \u043f\u0438\u043b\u0430<\/td><td colspan=\"6\"><strong>20,40 EUR<\/strong><\/td><\/tr><tr><td><img loading=\"lazy\" decoding=\"async\" width=\"150\" height=\"100\" class=\"wp-image-8586\" style=\"width: 150px;\" src=\"https:\/\/roclite.lv\/w\/wp-content\/uploads\/2023\/07\/lenkis.jpg\" alt=\"\" srcset=\"https:\/\/roclite.lv\/w\/wp-content\/uploads\/2023\/07\/lenkis.jpg 1200w, https:\/\/roclite.lv\/w\/wp-content\/uploads\/2023\/07\/lenkis-300x200.jpg 300w, https:\/\/roclite.lv\/w\/wp-content\/uploads\/2023\/07\/lenkis-1024x683.jpg 1024w, https:\/\/roclite.lv\/w\/wp-content\/uploads\/2023\/07\/lenkis-768x512.jpg 768w, https:\/\/roclite.lv\/w\/wp-content\/uploads\/2023\/07\/lenkis-320x213.jpg 320w, https:\/\/roclite.lv\/w\/wp-content\/uploads\/2023\/07\/lenkis-640x427.jpg 640w, https:\/\/roclite.lv\/w\/wp-content\/uploads\/2023\/07\/lenkis-1000x667.jpg 1000w\" sizes=\"auto, (max-width: 150px) 100vw, 150px\" \/><\/td><td colspan=\"2\">\u0423\u0433\u043e\u043b\u044c\u043d\u0438\u043a<\/td><td colspan=\"6\"><strong>24,44 EUR<\/strong><\/td><\/tr><\/tbody><\/table><\/figure>\n\n\n\n<h3 class=\"wp-block-heading\">\u0422\u0440\u0430\u043d\u0441\u043f\u043e\u0440\u0442\u0438\u0440\u043e\u0432\u043a\u0430 \u0438 \u043f\u043e\u0434\u0434\u043e\u043d\u044b<\/h3>\n\n\n\n<figure class=\"wp-block-table\"><table><thead><tr><td><b>&nbsp;<\/b><\/td><td><strong>\u0426\u0435\u043d\u0430<\/strong><\/td><\/tr><\/thead><tbody><tr><td>\u0417\u0430\u043b\u043e\u0433 \u0437\u0430 \u043f\u043e\u0434\u0434\u043e\u043d (0,8&#215;1,2) ROCLITE<\/td><td><strong>7,26 EUR\/\u0448\u0442.<\/strong><\/td><\/tr><tr><td>\u0417\u0430\u043b\u043e\u0433 \u0437\u0430 \u043f\u043e\u0434\u0434\u043e\u043d \u043a\u043b\u0435\u044f ROCLITE<\/td><td><strong>11,50 EUR\/\u0448\u0442.<\/strong><\/td><\/tr><\/tbody><\/table><\/figure>\n\n\n\n<figure class=\"wp-block-table\"><table><thead><tr><td><strong>\u0420\u0430\u0437\u0433\u0440\u0443\u0437\u043a\u0430 \u043c\u0430\u043d\u0438\u043f\u0443\u043b\u044f\u0442\u043e\u0440\u043e\u043c \u0432 \u043e\u0434\u043d\u043e \u0440\u0430\u0437\u0433\u0440\u0443\u0437\u043e\u0447\u043d\u043e\u0435 \u043c\u0435\u0441\u0442\u043e<\/strong><\/td><td><strong>\u0426\u0435\u043d\u0430<\/strong><\/td><\/tr><\/thead><tbody><tr><td>R\u012bga<\/td><td><strong>266,20 EUR<\/strong><\/td><\/tr><tr><td>J\u016brmala, Jelgava, Bauska, Aizkraukle, Sigulda, Saulkrasti<\/td><td><strong>302,50 EUR<\/strong><\/td><\/tr><tr><td>Tukums, Dobele, J\u0113kabpils, C\u0113sis, Limba\u017ei<\/td><td><strong>363 EUR<\/strong><\/td><\/tr><tr><td>\u0414\u043e\u043f\u043e\u043b\u043d\u0438\u0442\u0435\u043b\u044c\u043d\u044b\u0439 \u0430\u0434\u0440\u0435\u0441 \u0434\u043e\u0441\u0442\u0430\u0432\u043a\u0438<\/td><td><strong>145,20 EUR<\/strong><\/td><\/tr><tr><td colspan=\"2\"><strong>\u0414\u041e\u0421\u0422\u0410\u0412\u041a\u0410<\/strong>&nbsp;\u043f\u043e\u043b\u043d\u043e\u0433\u043e \u0430\u0432\u0442\u043e\u0433\u0440\u0443\u0437\u0430 (~46 \u043c<sup>3<\/sup>&nbsp;\u0438\u043b\u0438 24\u0442) \u0431\u0435\u0437 \u0440\u0430\u0437\u0433\u0440\u0443\u0437\u043a\u0438 \u043d\u0430 \u043e\u0431\u044a\u0435\u043a\u0442\u0430\u0445 \u043f\u043e \u0432\u0441\u0435\u0439 \u0442\u0435\u0440\u0440\u0438\u0442\u043e\u0440\u0438\u0438 \u041b\u0430\u0442\u0432\u0438\u0438 <strong>\u0411\u0415\u0421\u041f\u041b\u0410\u0422\u041d\u041e<\/strong>.<\/td><\/tr><\/tbody><\/table><\/figure>\n","protected":false},"excerpt":{"rendered":"<p>\u0420\u041e\u0417\u041d\u0418\u0427\u041d\u042b\u0415 \u0426\u0415\u041d\u042b \u041d\u0410 \u041f\u0420\u041e\u0414\u0423\u041a\u0426\u0418\u042e ROCLITE \u0426\u0435\u043d\u044b \u0443\u043a\u0430\u0437\u0430\u043d\u044b \u0441 \u0443\u0447\u0435\u0442\u043e\u043c \u041d\u0414\u0421. \u0411\u043b\u043e\u043a\u0438 ROCLITE &nbsp; \u0426\u0435\u043d\u0430 &#8212; \u043f\u043e\u043b\u043d\u044b\u0439 \u0433\u0440\u0443\u0437 \u0438 \u0431\u043e\u043b\u044c\u0448\u0435 \u0426\u0435\u043d\u0430 &#8212; \u043f\u0440\u0438 \u043f\u043e\u043a\u0443\u043f\u043a\u0435 \u043f\u043e\u0434\u043e\u043d\u0430\u043c\u0438 \u0422\u0440\u0430\u043d\u0441\u043f\u043e\u0440\u0442\u043d\u044b\u0435 \u0445\u0430\u0440\u0430\u043a\u0442\u0435\u0440\u0438\u0441\u0442\u0438\u043a\u0438 EUR\/\u043c3 EUR\/\u043c2 EUR\/\u043c3 EUR\/\u043c2 \u0412\u0435\u0441 \u043f\u043e\u0434\u0434\u043e\u043d\u0430\/\u043a\u0433. \u041f\u043e\u0434\u0434\u043e\u043d\u044b \u0432 \u0430\u0432\u0442\u043e-\u0433\u0440\u0443\u0437\u0435\/\u0448\u0442. \u0448\u0442.\/\u043d\u0430 \u043f\u043e\u0434. \u043c3\/\u043d\u0430 \u043f\u043e\u0434. \u043c3\/\u0432 \u0430\u0432\u0442\u043e-\u0433\u0440\u0443\u0437\u0435 ROCLITE 300\/200 119,43 33,60 126,25 37,88 960 25 40 1,44 36 ROCLITE 250\/200 119,43 <a href=\"https:\/\/roclite.lv\/ru\/%d1%86%d0%b5%d0%bd%d1%8b\/\" class=\"read-more\">\u0427\u0438\u0442\u0430\u0442\u044c \u0434\u0430\u043b\u0435\u0435<\/a><\/p>\n","protected":false},"author":8,"featured_media":0,"parent":0,"menu_order":0,"comment_status":"closed","ping_status":"closed","template":"","meta":{"_acf_changed":false,"footnotes":""},"class_list":["post-8422","page","type-page","status-publish","hentry"],"acf":[],"_links":{"self":[{"href":"https:\/\/roclite.lv\/ru\/wp-json\/wp\/v2\/pages\/8422","targetHints":{"allow":["GET"]}}],"collection":[{"href":"https:\/\/roclite.lv\/ru\/wp-json\/wp\/v2\/pages"}],"about":[{"href":"https:\/\/roclite.lv\/ru\/wp-json\/wp\/v2\/types\/page"}],"author":[{"embeddable":true,"href":"https:\/\/roclite.lv\/ru\/wp-json\/wp\/v2\/users\/8"}],"replies":[{"embeddable":true,"href":"https:\/\/roclite.lv\/ru\/wp-json\/wp\/v2\/comments?post=8422"}],"version-history":[{"count":56,"href":"https:\/\/roclite.lv\/ru\/wp-json\/wp\/v2\/pages\/8422\/revisions"}],"predecessor-version":[{"id":9305,"href":"https:\/\/roclite.lv\/ru\/wp-json\/wp\/v2\/pages\/8422\/revisions\/9305"}],"wp:attachment":[{"href":"https:\/\/roclite.lv\/ru\/wp-json\/wp\/v2\/media?parent=8422"}],"curies":[{"name":"wp","href":"https:\/\/api.w.org\/{rel}","templated":true}]}}